{"id":7247,"date":"2020-03-23T02:00:25","date_gmt":"2020-03-23T02:00:25","guid":{"rendered":"https:\/\/www.gavias-theme.com\/wp\/codesk\/?page_id=7247"},"modified":"2023-02-28T21:08:28","modified_gmt":"2023-02-28T21:08:28","slug":"devis","status":"publish","type":"page","link":"https:\/\/iformat-institute.net\/en\/devis\/","title":{"rendered":"Quote"},"content":{"rendered":"<div data-elementor-type=\"wp-page\" data-elementor-id=\"7247\" class=\"elementor elementor-7247\" data-elementor-post-type=\"page\">\n\t\t\t\t\t\t<section class=\"elementor-section elementor-top-section elementor-element elementor-element-bf2635a elementor-section-boxed elementor-section-height-default elementor-section-height-default\" data-id=\"bf2635a\" data-element_type=\"section\" data-settings=\"{&quot;background_background&quot;:&quot;classic&quot;}\">\n\t\t\t\t\t\t<div class=\"elementor-container elementor-column-gap-default\">\n\t\t\t\t\t<div class=\"elementor-column elementor-col-50 elementor-top-column elementor-element elementor-element-2b9a356 column-style-top\" data-id=\"2b9a356\" data-element_type=\"column\">\n\t\t\t<div class=\"elementor-widget-wrap elementor-element-populated\">\n\t\t\t\t\t\t<div class=\"elementor-element elementor-element-b1a0c80 elementor-widget elementor-widget-gva-heading-block\" data-id=\"b1a0c80\" data-element_type=\"widget\" data-widget_type=\"gva-heading-block.default\">\n\t\t\t\t<div class=\"elementor-widget-container\">\n\t\t\t\t\t<div class=\"gva-element-gva-heading-block gva-element\">   <div class=\"align-left style-1 widget gsc-heading\">\r\n      <div class=\"content-inner\">\r\n         \r\n                  \r\n           \r\n         \r\n                     <h2 class=\"title\">\r\n               <span>Request a Quote<\/span>\r\n            <\/h2>\r\n                  \r\n         \r\n      <\/div>\r\n   <\/div>\r\n   <div class=\"clearfix\"><\/div>\r\n<\/div>\t\t\t\t<\/div>\n\t\t\t\t<\/div>\n\t\t\t\t<div class=\"elementor-element elementor-element-006052a elementor-widget elementor-widget-shortcode\" data-id=\"006052a\" data-element_type=\"widget\" data-widget_type=\"shortcode.default\">\n\t\t\t\t<div class=\"elementor-widget-container\">\n\t\t\t\t\t\t\t<div class=\"elementor-shortcode\">\n<div class=\"wpcf7 no-js\" id=\"wpcf7-f6331-o1\" lang=\"en-US\" dir=\"ltr\" data-wpcf7-id=\"6331\">\n<div class=\"screen-reader-response\"><p role=\"status\" aria-live=\"polite\" aria-atomic=\"true\"><\/p> <ul><\/ul><\/div>\n<form action=\"\/en\/wp-json\/wp\/v2\/pages\/7247#wpcf7-f6331-o1\" method=\"post\" class=\"wpcf7-form init\" aria-label=\"Contact form\" novalidate=\"novalidate\" data-status=\"init\" data-trp-original-action=\"\/en\/wp-json\/wp\/v2\/pages\/7247#wpcf7-f6331-o1\">\n<fieldset class=\"hidden-fields-container\"><input type=\"hidden\" name=\"_wpcf7\" value=\"6331\" \/><input type=\"hidden\" name=\"_wpcf7_version\" value=\"6.1\" \/><input type=\"hidden\" name=\"_wpcf7_locale\" value=\"en_US\" \/><input type=\"hidden\" name=\"_wpcf7_unit_tag\" value=\"wpcf7-f6331-o1\" \/><input type=\"hidden\" name=\"_wpcf7_container_post\" value=\"0\" \/><input type=\"hidden\" name=\"_wpcf7_posted_data_hash\" value=\"\" \/>\n<\/fieldset>\n<div class=\"row\">\n\t<div class=\"col-xl-6 col-lg-6 col-md-12 col-sm-12 col-xs-12\">\n\t\t<p><span class=\"wpcf7-form-control-wrap\" data-name=\"nom-prenoms\"><input size=\"40\" maxlength=\"400\" class=\"wpcf7-form-control wpcf7-text wpcf7-validates-as-required\" aria-required=\"true\" aria-invalid=\"false\" placeholder=\"Nom et pr\u00e9noms ou entreprise\" value=\"\" type=\"text\" name=\"nom-prenoms\" \/><\/span>\n\t\t<\/p>\n\t<\/div>\n\t<div class=\"col-xl-6 col-lg-6 col-md-12 col-sm-12 col-xs-12\">\n\t\t<p><span class=\"wpcf7-form-control-wrap\" data-name=\"email-38\"><input size=\"40\" maxlength=\"400\" class=\"wpcf7-form-control wpcf7-email wpcf7-validates-as-required wpcf7-text wpcf7-validates-as-email\" aria-required=\"true\" aria-invalid=\"false\" placeholder=\"E-mail address\" value=\"\" type=\"email\" name=\"email-38\" \/><\/span>\n\t\t<\/p>\n\t<\/div>\n<\/div>\n<div class=\"row\">\n\t<div class=\"col-xl-6 col-lg-6 col-md-12 col-sm-12 col-xs-12\">\n\t\t<p><span class=\"wpcf7-form-control-wrap\" data-name=\"tel-521\"><input size=\"40\" maxlength=\"400\" class=\"wpcf7-form-control wpcf7-tel wpcf7-validates-as-required wpcf7-text wpcf7-validates-as-tel\" aria-required=\"true\" aria-invalid=\"false\" placeholder=\"Num\u00e9ro de t\u00e9l\u00e9phone\" value=\"\" type=\"tel\" name=\"tel-521\" \/><\/span>\n\t\t<\/p>\n\t<\/div>\n\t<div class=\"col-xl-6 col-lg-6  col-md-12 col-sm-12 col-xs-12\">\n\t\t<p><span class=\"wpcf7-form-control-wrap\" data-name=\"text-sujet\"><input size=\"40\" maxlength=\"400\" class=\"wpcf7-form-control wpcf7-text wpcf7-validates-as-required\" aria-required=\"true\" aria-invalid=\"false\" placeholder=\"Votre sujet\" value=\"\" type=\"text\" name=\"text-sujet\" \/><\/span>\n\t\t<\/p>\n\t<\/div>\n<\/div>\n<div class=\"row\">\n\t<div class=\"col-xl-12 col-lg-12 col-md-12 col-sm-12 col-xs-12\">\n\t\t<p><span class=\"wpcf7-form-control-wrap\" data-name=\"interested\"><select class=\"wpcf7-form-control wpcf7-select\" aria-invalid=\"false\" name=\"interested\"><option value=\"Requested Service\">Requested Service<\/option><option value=\"Interpr\u00e9tation\">Interpreting<\/option><option value=\"Traduction\">Translation<\/option><option value=\"Formations\">Training<\/option><option value=\"\u00c9v\u00e8nementiel\">Event organization\/promotion<\/option><option value=\"Transcription\">Transcription<\/option><\/select><\/span>\n\t\t<\/p>\n\t<\/div>\n<\/div>\n<div class=\"row\">\n\t<div class=\"col-sm-12 col-xs-12\">\n\t\t<p><span class=\"wpcf7-form-control-wrap\" data-name=\"textarea-message\"><textarea cols=\"40\" rows=\"10\" maxlength=\"2000\" class=\"wpcf7-form-control wpcf7-textarea\" aria-invalid=\"false\" placeholder=\"Votre besoin\" name=\"textarea-message\"><\/textarea><\/span>\n\t\t<\/p>\n\t<\/div>\n\t<div class=\"col-sm-12 col-xs-12 action text-left\">\n\t\t<p><input class=\"wpcf7-form-control wpcf7-submit has-spinner\" type=\"submit\" value=\"Send your request\" \/>\n\t\t<\/p>\n\t<\/div>\n<\/div><p style=\"display: none !important;\" class=\"akismet-fields-container\" data-prefix=\"_wpcf7_ak_\"><label>&#916;<textarea name=\"_wpcf7_ak_hp_textarea\" cols=\"45\" rows=\"8\" maxlength=\"100\"><\/textarea><\/label><input type=\"hidden\" id=\"ak_js_1\" name=\"_wpcf7_ak_js\" value=\"77\"\/><script>document.getElementById( \"ak_js_1\" ).setAttribute( \"value\", ( new Date() ).getTime() );<\/script><\/p><div class=\"wpcf7-response-output\" aria-hidden=\"true\"><\/div>\n<input type=\"hidden\" name=\"trp-form-language\" value=\"en\"\/><\/form>\n<\/div>\n<\/div>\n\t\t\t\t\t\t<\/div>\n\t\t\t\t<\/div>\n\t\t\t\t\t<\/div>\n\t\t<\/div>\n\t\t\t\t<div class=\"elementor-column elementor-col-50 elementor-top-column elementor-element elementor-element-2ccf977 column-style-top\" data-id=\"2ccf977\" data-element_type=\"column\">\n\t\t\t<div class=\"elementor-widget-wrap elementor-element-populated\">\n\t\t\t\t\t\t<div class=\"elementor-element elementor-element-dac12f8 elementor-widget elementor-widget-text-editor\" data-id=\"dac12f8\" data-element_type=\"widget\" data-widget_type=\"text-editor.default\">\n\t\t\t\t<div class=\"elementor-widget-container\">\n\t\t\t\t\t\t\t\t\t<div class=\"support-box\">\n<ul>\n \t<li class=\"title\">Do you need help ?<\/li>\n \t<li class=\"text\">Speak to an adviser to fill out a form? call the agency and we will put you in touch with a member of the team who can help you.<\/li>\n \t<li style=\"font-size:16px\" class=\"phone\"><a href=\"tel:(+225) 07 07 754 095\">tel:(+225) 07 07 754 095<\/a><\/li>\n \t<li style=\"font-size:16px\" class=\"phone\"><a href=\"tel:(+225) 00555737562\">Tel: (+225) 05 55 737 562 <\/a><\/li>\n \t<li style=\"font-size:16px\" class=\"phone\"><a href=\"tel:(+225) 00555737562\">What. (+225) +225 07 97 429 281<\/a><\/li>\n<\/ul>\n<\/div>\t\t\t\t\t\t\t\t<\/div>\n\t\t\t\t<\/div>\n\t\t\t\t\t<\/div>\n\t\t<\/div>\n\t\t\t\t\t<\/div>\n\t\t<\/section>\n\t\t\t\t<\/div>","protected":false},"excerpt":{"rendered":"<p>Demande de devis Besoin d&rsquo;aide ? Parler \u00e0 un conseill\u00e9 pour remplir un formulaire ? appelez l&rsquo;agence et nous vous mettrons en contact avec un membre de l&rsquo;\u00e9quipe qui pourra [&hellip;]<\/p>","protected":false},"author":1,"featured_media":0,"parent":0,"menu_order":0,"comment_status":"closed","ping_status":"closed","template":"","meta":{"footnotes":""},"class_list":["post-7247","page","type-page","status-publish","hentry"],"_links":{"self":[{"href":"https:\/\/iformat-institute.net\/en\/wp-json\/wp\/v2\/pages\/7247","targetHints":{"allow":["GET"]}}],"collection":[{"href":"https:\/\/iformat-institute.net\/en\/wp-json\/wp\/v2\/pages"}],"about":[{"href":"https:\/\/iformat-institute.net\/en\/wp-json\/wp\/v2\/types\/page"}],"author":[{"embeddable":true,"href":"https:\/\/iformat-institute.net\/en\/wp-json\/wp\/v2\/users\/1"}],"replies":[{"embeddable":true,"href":"https:\/\/iformat-institute.net\/en\/wp-json\/wp\/v2\/comments?post=7247"}],"version-history":[{"count":21,"href":"https:\/\/iformat-institute.net\/en\/wp-json\/wp\/v2\/pages\/7247\/revisions"}],"predecessor-version":[{"id":9080,"href":"https:\/\/iformat-institute.net\/en\/wp-json\/wp\/v2\/pages\/7247\/revisions\/9080"}],"wp:attachment":[{"href":"https:\/\/iformat-institute.net\/en\/wp-json\/wp\/v2\/media?parent=7247"}],"curies":[{"name":"wp","href":"https:\/\/api.w.org\/{rel}","templated":true}]}}