{"id":5442,"date":"2019-06-13T07:24:06","date_gmt":"2019-06-13T07:24:06","guid":{"rendered":"https:\/\/www.gavias-theme.com\/wp\/codesk\/?page_id=5442"},"modified":"2023-02-28T23:03:17","modified_gmt":"2023-02-28T23:03:17","slug":"qui-sommes-nous","status":"publish","type":"page","link":"https:\/\/iformat-institute.net\/en\/qui-sommes-nous\/","title":{"rendered":"About Us"},"content":{"rendered":"<div data-elementor-type=\"wp-post\" data-elementor-id=\"5442\" class=\"elementor elementor-5442\" data-elementor-post-type=\"page\">\n\t\t\t\t\t\t<section class=\"elementor-section elementor-top-section elementor-element elementor-element-f128c41 elementor-section-boxed elementor-section-height-default elementor-section-height-default\" data-id=\"f128c41\" data-element_type=\"section\">\n\t\t\t\t\t\t<div class=\"elementor-container elementor-column-gap-default\">\n\t\t\t\t\t<div class=\"elementor-column elementor-col-100 elementor-top-column elementor-element elementor-element-da40339 column-style-top\" data-id=\"da40339\" data-element_type=\"column\">\n\t\t\t<div class=\"elementor-widget-wrap elementor-element-populated\">\n\t\t\t\t\t\t<div class=\"elementor-element elementor-element-f41a7c5 elementor-widget elementor-widget-gva-heading-block\" data-id=\"f41a7c5\" data-element_type=\"widget\" data-widget_type=\"gva-heading-block.default\">\n\t\t\t\t<div class=\"elementor-widget-container\">\n\t\t\t\t\t<div class=\"gva-element-gva-heading-block gva-element\">   <div class=\"align-center style-1 widget gsc-heading\">\r\n      <div class=\"content-inner\">\r\n         \r\n                  \r\n           \r\n         \r\n                     <h2 class=\"title\">\r\n               <span>Our history<\/span>\r\n            <\/h2>\r\n                              <div class=\"title-desc\">Founded in April 2013, IFORMAT is a language firm that offers Training, Translation and Interpreting of international and African local languages as well as the organization of language trips and events. Efficient and dynamic teams are assigned to each of our missions for a guaranteed success. It is today very well positioned on the segments of Translation - Training and Interpreting in C\u00f4te d'Ivoire and enjoys a reputation of responsibility, efficiency, punctuality and confidentiality with its national as well as international partners.<\/div>\r\n         \r\n         \r\n      <\/div>\r\n   <\/div>\r\n   <div class=\"clearfix\"><\/div>\r\n<\/div>\t\t\t\t<\/div>\n\t\t\t\t<\/div>\n\t\t\t\t<div class=\"elementor-element elementor-element-25bf5b7 elementor-widget elementor-widget-gva-heading-block\" data-id=\"25bf5b7\" data-element_type=\"widget\" data-widget_type=\"gva-heading-block.default\">\n\t\t\t\t<div class=\"elementor-widget-container\">\n\t\t\t\t\t<div class=\"gva-element-gva-heading-block gva-element\">   <div class=\"align-center style-1 widget gsc-heading\">\r\n      <div class=\"content-inner\">\r\n         \r\n                  \r\n           \r\n         \r\n                     <h2 class=\"title\">\r\n               <span>Expansion<\/span>\r\n            <\/h2>\r\n                              <div class=\"title-desc\">IFORMAT has extended its activities to the event sector. The entire organization of events has been successfully completed (planning, provision of logistics, hostesses, catering for participants, booking of air tickets and hotel rooms, etc.).<\/div>\r\n         \r\n         \r\n      <\/div>\r\n   <\/div>\r\n   <div class=\"clearfix\"><\/div>\r\n<\/div>\t\t\t\t<\/div>\n\t\t\t\t<\/div>\n\t\t\t\t<div class=\"elementor-element elementor-element-cfa5052 elementor-widget elementor-widget-gva-heading-block\" data-id=\"cfa5052\" data-element_type=\"widget\" data-widget_type=\"gva-heading-block.default\">\n\t\t\t\t<div class=\"elementor-widget-container\">\n\t\t\t\t\t<div class=\"gva-element-gva-heading-block gva-element\">   <div class=\"align-center style-1 widget gsc-heading\">\r\n      <div class=\"content-inner\">\r\n         \r\n                  \r\n           \r\n         \r\n                     <h2 class=\"title\">\r\n               <span>Successful adaptation<\/span>\r\n            <\/h2>\r\n                              <div class=\"title-desc\">Since 2015 and with its American partner WISHH, IFORMAT has added a string to its talents by successfully completing the two editions of the campaign to promote soy by-products (TSP, TVP, Soy flour, Soy milk ...) in C\u00f4te d'Ivoire.<\/div>\r\n         \r\n         \r\n      <\/div>\r\n   <\/div>\r\n   <div class=\"clearfix\"><\/div>\r\n<\/div>\t\t\t\t<\/div>\n\t\t\t\t<\/div>\n\t\t\t\t\t<\/div>\n\t\t<\/div>\n\t\t\t\t\t<\/div>\n\t\t<\/section>\n\t\t\t\t<section class=\"elementor-section elementor-top-section elementor-element elementor-element-bf91075 elementor-section-boxed elementor-section-height-default elementor-section-height-default\" data-id=\"bf91075\" data-element_type=\"section\" data-settings=\"{&quot;background_background&quot;:&quot;classic&quot;}\">\n\t\t\t\t\t\t<div class=\"elementor-container elementor-column-gap-default\">\n\t\t\t\t\t<div class=\"elementor-column elementor-col-33 elementor-top-column elementor-element elementor-element-0ff3cc0 column-style-top\" data-id=\"0ff3cc0\" data-element_type=\"column\">\n\t\t\t<div class=\"elementor-widget-wrap elementor-element-populated\">\n\t\t\t\t\t\t<div class=\"elementor-element elementor-element-9e346e5 elementor-widget elementor-widget-gva-counter\" data-id=\"9e346e5\" data-element_type=\"widget\" data-widget_type=\"gva-counter.default\">\n\t\t\t\t<div class=\"elementor-widget-container\">\n\t\t\t\t\t<div class=\"gva-element-gva-counter gva-element\">\r\n         <div class=\"widget milestone-block style-2\">\r\n         <div class=\"box-content\">\r\n            \r\n            <div class=\"milestone-content\">\r\n               <div class=\"milestone-number-inner\">\r\n                                    <span class=\"milestone-number\">880<\/span>\r\n                  <span class=\"symbol after\">+<\/span>               <\/div>\r\n                                 <div class=\"milestone-text\">\r\n                      Projects Achieved                   <\/div>\r\n                           <\/div>\r\n         <\/div>   \r\n      <\/div> \r\n   \r\n<\/div>\t\t\t\t<\/div>\n\t\t\t\t<\/div>\n\t\t\t\t\t<\/div>\n\t\t<\/div>\n\t\t\t\t<div class=\"elementor-column elementor-col-33 elementor-top-column elementor-element elementor-element-644e99e column-style-top\" data-id=\"644e99e\" data-element_type=\"column\" data-settings=\"{&quot;background_background&quot;:&quot;classic&quot;}\">\n\t\t\t<div class=\"elementor-widget-wrap elementor-element-populated\">\n\t\t\t\t\t\t<div class=\"elementor-element elementor-element-7114b31 elementor-widget elementor-widget-gva-counter\" data-id=\"7114b31\" data-element_type=\"widget\" data-widget_type=\"gva-counter.default\">\n\t\t\t\t<div class=\"elementor-widget-container\">\n\t\t\t\t\t<div class=\"gva-element-gva-counter gva-element\">\r\n         <div class=\"widget milestone-block style-2\">\r\n         <div class=\"box-content\">\r\n            \r\n            <div class=\"milestone-content\">\r\n               <div class=\"milestone-number-inner\">\r\n                                    <span class=\"milestone-number\">100<\/span>\r\n                  <span class=\"symbol after\">%<\/span>               <\/div>\r\n                                 <div class=\"milestone-text\">\r\n                      of our Partners &amp; Clients are satisfied                  <\/div>\r\n                           <\/div>\r\n         <\/div>   \r\n      <\/div> \r\n   \r\n<\/div>\t\t\t\t<\/div>\n\t\t\t\t<\/div>\n\t\t\t\t\t<\/div>\n\t\t<\/div>\n\t\t\t\t<div class=\"elementor-column elementor-col-33 elementor-top-column elementor-element elementor-element-edb7eff column-style-top\" data-id=\"edb7eff\" data-element_type=\"column\">\n\t\t\t<div class=\"elementor-widget-wrap elementor-element-populated\">\n\t\t\t\t\t\t<div class=\"elementor-element elementor-element-851ffa3 elementor-widget elementor-widget-gva-counter\" data-id=\"851ffa3\" data-element_type=\"widget\" data-widget_type=\"gva-counter.default\">\n\t\t\t\t<div class=\"elementor-widget-container\">\n\t\t\t\t\t<div class=\"gva-element-gva-counter gva-element\">\r\n         <div class=\"widget milestone-block style-2\">\r\n         <div class=\"box-content\">\r\n            \r\n            <div class=\"milestone-content\">\r\n               <div class=\"milestone-number-inner\">\r\n                                    <span class=\"milestone-number\">4<\/span>\r\n                  <span class=\"symbol after\">+<\/span>               <\/div>\r\n                                 <div class=\"milestone-text\">\r\n                      Years of renowned expertise in the region                  <\/div>\r\n                           <\/div>\r\n         <\/div>   \r\n      <\/div> \r\n   \r\n<\/div>\t\t\t\t<\/div>\n\t\t\t\t<\/div>\n\t\t\t\t\t<\/div>\n\t\t<\/div>\n\t\t\t\t\t<\/div>\n\t\t<\/section>\n\t\t\t\t<section class=\"elementor-section elementor-top-section elementor-element elementor-element-e86e2a0 elementor-section-boxed elementor-section-height-default elementor-section-height-default\" data-id=\"e86e2a0\" data-element_type=\"section\" data-settings=\"{&quot;background_background&quot;:&quot;classic&quot;}\">\n\t\t\t\t\t\t<div class=\"elementor-container elementor-column-gap-default\">\n\t\t\t\t\t<div class=\"elementor-column elementor-col-100 elementor-top-column elementor-element elementor-element-2c93595 column-style-top\" data-id=\"2c93595\" data-element_type=\"column\">\n\t\t\t<div class=\"elementor-widget-wrap elementor-element-populated\">\n\t\t\t\t\t\t<div class=\"elementor-element elementor-element-ea85665 elementor-widget elementor-widget-gva-heading-block\" data-id=\"ea85665\" data-element_type=\"widget\" data-widget_type=\"gva-heading-block.default\">\n\t\t\t\t<div class=\"elementor-widget-container\">\n\t\t\t\t\t<div class=\"gva-element-gva-heading-block gva-element\">   <div class=\"align-center style-1 widget gsc-heading\">\r\n      <div class=\"content-inner\">\r\n         \r\n                  \r\n           \r\n         \r\n                     <h2 class=\"title\">\r\n               <span>They share history with us !<\/span>\r\n            <\/h2>\r\n                  \r\n         \r\n      <\/div>\r\n   <\/div>\r\n   <div class=\"clearfix\"><\/div>\r\n<\/div>\t\t\t\t<\/div>\n\t\t\t\t<\/div>\n\t\t\t\t\t<\/div>\n\t\t<\/div>\n\t\t\t\t\t<\/div>\n\t\t<\/section>\n\t\t\t\t<section class=\"elementor-section elementor-top-section elementor-element elementor-element-82aa8ca elementor-section-boxed elementor-section-height-default elementor-section-height-default\" data-id=\"82aa8ca\" data-element_type=\"section\" data-settings=\"{&quot;background_background&quot;:&quot;classic&quot;}\">\n\t\t\t\t\t\t<div class=\"elementor-container elementor-column-gap-default\">\n\t\t\t\t\t<div class=\"elementor-column elementor-col-100 elementor-top-column elementor-element elementor-element-a5f8ce3 column-style-top\" data-id=\"a5f8ce3\" data-element_type=\"column\">\n\t\t\t<div class=\"elementor-widget-wrap elementor-element-populated\">\n\t\t\t\t\t\t<div class=\"elementor-element elementor-element-b065d32 elementor-widget elementor-widget-gva-brand\" data-id=\"b065d32\" data-element_type=\"widget\" data-widget_type=\"gva-brand.default\">\n\t\t\t\t<div class=\"elementor-widget-container\">\n\t\t\t\t\t<div class=\"gva-element-gva-brand gva-element\">\r\n   <div class=\"gva-brand-carousel style-2\">\r\n      <div class=\"init-carousel-owl owl-carousel\" data-items=\"6\" data-items_lg=\"6\" data-items_md=\"6\" data-items_sm=\"1\" data-items_xs=\"1\" data-loop=\"1\" data-speed=\"800\" data-auto_play=\"1\" data-auto_play_speed=\"800\" data-auto_play_timeout=\"6000\" data-auto_play_hover=\"0\" data-navigation=\"1\" data-pagination=\"0\" data-mouse_drag=\"1\" data-touch_drag=\"1\" >\r\n                                 <div class=\"item brand-item\">\r\n\r\n               <div class=\"brand-item-content\">\r\n                  <span >\r\n                     <img decoding=\"async\" src=\"https:\/\/iformat-institute.net\/wp-content\/uploads\/2022\/04\/logoPartenaire.png\" title=\"logoPartenaire\" alt=\"logoPartenaire\" loading=\"lazy\" \/>                  <\/span>   \r\n               <\/div>\r\n              \r\n            <\/div>\r\n                                 <div class=\"item brand-item\">\r\n\r\n               <div class=\"brand-item-content\">\r\n                  <span >\r\n                     <img decoding=\"async\" src=\"https:\/\/iformat-institute.net\/wp-content\/uploads\/2022\/04\/logoPartenaire1.png\" title=\"logoPartenaire1\" alt=\"logoPartenaire1\" loading=\"lazy\" \/>                  <\/span>   \r\n               <\/div>\r\n              \r\n            <\/div>\r\n                                 <div class=\"item brand-item\">\r\n\r\n               <div class=\"brand-item-content\">\r\n                  <span >\r\n                     <img decoding=\"async\" src=\"https:\/\/iformat-institute.net\/wp-content\/uploads\/2022\/04\/logoPartenaire3.png\" title=\"logoPartenaire3\" alt=\"logoPartenaire3\" loading=\"lazy\" \/>                  <\/span>   \r\n               <\/div>\r\n              \r\n            <\/div>\r\n                                 <div class=\"item brand-item\">\r\n\r\n               <div class=\"brand-item-content\">\r\n                  <span >\r\n                     <img decoding=\"async\" src=\"https:\/\/iformat-institute.net\/wp-content\/uploads\/2022\/04\/logoPartenaire4-1.png\" title=\"logoPartenaire4-1\" alt=\"logoPartenaire4-1\" loading=\"lazy\" \/>                  <\/span>   \r\n               <\/div>\r\n              \r\n            <\/div>\r\n                                 <div class=\"item brand-item\">\r\n\r\n               <div class=\"brand-item-content\">\r\n                  <span >\r\n                     <img decoding=\"async\" src=\"https:\/\/iformat-institute.net\/wp-content\/uploads\/2022\/04\/logoPartenaire5.png\" title=\"logoPartenaire5\" alt=\"logoPartenaire5\" loading=\"lazy\" \/>                  <\/span>   \r\n               <\/div>\r\n              \r\n            <\/div>\r\n                                 <div class=\"item brand-item\">\r\n\r\n               <div class=\"brand-item-content\">\r\n                  <span >\r\n                     <img decoding=\"async\" src=\"https:\/\/iformat-institute.net\/wp-content\/uploads\/2022\/04\/logoPartenaire6.png\" title=\"logoPartenaire6\" alt=\"logoPartenaire6\" loading=\"lazy\" \/>                  <\/span>   \r\n               <\/div>\r\n              \r\n            <\/div>\r\n                                 <div class=\"item brand-item\">\r\n\r\n               <div class=\"brand-item-content\">\r\n                  <span >\r\n                     <img decoding=\"async\" src=\"https:\/\/iformat-institute.net\/wp-content\/uploads\/2022\/04\/logoPartenaire8.png\" title=\"logoPartenaire8\" alt=\"logoPartenaire8\" loading=\"lazy\" \/>                  <\/span>   \r\n               <\/div>\r\n              \r\n            <\/div>\r\n                                 <div class=\"item brand-item\">\r\n\r\n               <div class=\"brand-item-content\">\r\n                  <span >\r\n                     <img decoding=\"async\" src=\"https:\/\/iformat-institute.net\/wp-content\/uploads\/2022\/04\/logoPartenaire9.png\" title=\"logoPartenaire9\" alt=\"logoPartenaire9\" loading=\"lazy\" \/>                  <\/span>   \r\n               <\/div>\r\n              \r\n            <\/div>\r\n                                 <div class=\"item brand-item\">\r\n\r\n               <div class=\"brand-item-content\">\r\n                  <span >\r\n                     <img decoding=\"async\" src=\"https:\/\/iformat-institute.net\/wp-content\/uploads\/2022\/04\/SOCIETE-IVOIRIENNE-DES-CHIRUGIEUS-THORACIQUE.png\" title=\"SOCIETE-IVOIRIENNE-DES-CHIRUGIEUS-THORACIQUE\" alt=\"SOCIETE-IVOIRIENNE-DES-CHIRUGIEUS-THORACIQUE\" loading=\"lazy\" \/>                  <\/span>   \r\n               <\/div>\r\n              \r\n            <\/div>\r\n                                 <div class=\"item brand-item\">\r\n\r\n               <div class=\"brand-item-content\">\r\n                  <span >\r\n                     <img decoding=\"async\" src=\"https:\/\/iformat-institute.net\/wp-content\/uploads\/2022\/04\/te\u0301le\u0301chargement.jpeg\" title=\"te\u0301le\u0301chargement\" alt=\"te\u0301le\u0301chargement\" loading=\"lazy\" \/>                  <\/span>   \r\n               <\/div>\r\n              \r\n            <\/div>\r\n                                 <div class=\"item brand-item\">\r\n\r\n               <div class=\"brand-item-content\">\r\n                  <span >\r\n                     <img decoding=\"async\" src=\"https:\/\/iformat-institute.net\/wp-content\/uploads\/2022\/04\/wacs-logo-speakers.jpeg\" title=\"wacs-logo-speakers\" alt=\"wacs-logo-speakers\" loading=\"lazy\" \/>                  <\/span>   \r\n               <\/div>\r\n              \r\n            <\/div>\r\n               <\/div>\r\n   <\/div\r\n<\/div>\t\t\t\t<\/div>\n\t\t\t\t<\/div>\n\t\t\t\t\t<\/div>\n\t\t<\/div>\n\t\t\t\t\t<\/div>\n\t\t<\/section>\n\t\t\t\t<\/div>","protected":false},"excerpt":{"rendered":"<p>Notre histoire Fond\u00e9e depuis Avril 2013, IFORMAT est une entreprise de langues sp\u00e9cialis\u00e9e dans la Formation, la Traduction et l\u2019Interpr\u00e9tation de langues internationales ainsi que l\u2019organisation de s\u00e9jours linguistiques et [&hellip;]<\/p>","protected":false},"author":1,"featured_media":0,"parent":0,"menu_order":0,"comment_status":"closed","ping_status":"closed","template":"","meta":{"footnotes":""},"class_list":["post-5442","page","type-page","status-publish","hentry"],"_links":{"self":[{"href":"https:\/\/iformat-institute.net\/en\/wp-json\/wp\/v2\/pages\/5442","targetHints":{"allow":["GET"]}}],"collection":[{"href":"https:\/\/iformat-institute.net\/en\/wp-json\/wp\/v2\/pages"}],"about":[{"href":"https:\/\/iformat-institute.net\/en\/wp-json\/wp\/v2\/types\/page"}],"author":[{"embeddable":true,"href":"https:\/\/iformat-institute.net\/en\/wp-json\/wp\/v2\/users\/1"}],"replies":[{"embeddable":true,"href":"https:\/\/iformat-institute.net\/en\/wp-json\/wp\/v2\/comments?post=5442"}],"version-history":[{"count":20,"href":"https:\/\/iformat-institute.net\/en\/wp-json\/wp\/v2\/pages\/5442\/revisions"}],"predecessor-version":[{"id":9083,"href":"https:\/\/iformat-institute.net\/en\/wp-json\/wp\/v2\/pages\/5442\/revisions\/9083"}],"wp:attachment":[{"href":"https:\/\/iformat-institute.net\/en\/wp-json\/wp\/v2\/media?parent=5442"}],"curies":[{"name":"wp","href":"https:\/\/api.w.org\/{rel}","templated":true}]}}